{"id":825,"date":"2024-12-27T10:54:42","date_gmt":"2024-12-27T09:54:42","guid":{"rendered":"https:\/\/activlife.be\/?page_id=825"},"modified":"2025-01-07T12:48:44","modified_gmt":"2025-01-07T11:48:44","slug":"description-stages","status":"publish","type":"page","link":"https:\/\/activlife.be\/index.php\/description-stages\/","title":{"rendered":"Description Activ Stages"},"content":{"rendered":"\n<p class=\"has-text-align-center\"><strong>Explication des diff\u00e9rentes formules de Stage<\/strong><\/p>\n\n\n\n<p><strong>Psychomotricit\u00e9<\/strong>&nbsp;\ud83e\udde0\ud83e\udd38\u200d\u2640\ufe0f<br>Un stage con\u00e7u pour stimuler les capacit\u00e9s motrices des enfants \u00e0 travers des jeux et des activit\u00e9s adapt\u00e9es, favorisant leur d\u00e9veloppement physique et leur coordination.<\/p>\n\n\n\n<p><strong>Atelier cr\u00e9atif<\/strong>&nbsp;\ud83c\udfa8\u2702\ufe0f<br>Un espace o\u00f9 les enfants peuvent exprimer leur imagination et leur cr\u00e9ativit\u00e9 \u00e0 travers des activit\u00e9s artistiques et manuelles vari\u00e9es, comme le dessin, la peinture, ou le bricolage.<\/p>\n\n\n\n<p><strong>Multisports<\/strong>&nbsp;\ud83c\udfc0\u26bd<br>Une formule dynamique proposant la d\u00e9couverte et la pratique de plusieurs disciplines sportives, permettant de d\u00e9velopper l&rsquo;esprit d&rsquo;\u00e9quipe et les comp\u00e9tences physiques.<\/p>\n\n\n\n<p><strong>V\u00e9lo m\u00f4me<\/strong>&nbsp;\ud83d\udeb4\u200d\u2640\ufe0f\ud83d\udc76<br>Un stage ax\u00e9 sur l&rsquo;apprentissage ou le perfectionnement du v\u00e9lo pour les plus jeunes, avec un accent sur l&rsquo;\u00e9quilibre, la s\u00e9curit\u00e9, et le plaisir.<\/p>\n\n\n\n<p><strong>Gym<\/strong>&nbsp;\ud83e\udd38\u200d\u2642\ufe0f\ud83d\udcaa<br>Des activit\u00e9s gymniques adapt\u00e9es pour d\u00e9velopper souplesse, force et coordination tout en s&rsquo;amusant.<\/p>\n\n\n\n<p><strong>Roller<\/strong>&nbsp;\ud83d\udefc\ud83e\udd29<br>Une initiation ou un perfectionnement au roller, avec des exercices adapt\u00e9s pour ma\u00eetriser l&rsquo;\u00e9quilibre et les techniques de base.<\/p>\n\n\n\n<p><strong>Chef Coq<\/strong>&nbsp;\ud83d\udc69\u200d\ud83c\udf73\ud83c\udf6a<br>Un stage culinaire o\u00f9 les enfants d\u00e9couvrent les bases de la cuisine tout en r\u00e9alisant de d\u00e9licieuses recettes dans une ambiance ludique.<\/p>\n\n\n\n<p><strong>VTT<\/strong>&nbsp;\ud83d\udeb5\u200d\u2642\ufe0f\ud83c\udf33<br>Un stage pour d\u00e9couvrir le plaisir du v\u00e9lo en pleine nature, avec des balades adapt\u00e9es et des activit\u00e9s pour apprendre en s&rsquo;amusant.<\/p>\n\n\n\n<p><strong>Multi raquettes<\/strong>&nbsp;\ud83c\udfbe\ud83c\udff8<br>Un programme ludique permettant de s&rsquo;initier ou de se perfectionner dans plusieurs sports de raquette tels que le tennis, le badminton et Padel.<\/p>\n\n\n\n<p><strong>Fun stage<\/strong>&nbsp;\ud83c\udf89\ud83c\udfca\u200d\u2640\ufe0f<br>Un stage o\u00f9 le mot d&rsquo;ordre est de s&rsquo;amuser, combinant des activit\u00e9s multisports et des moments ludiques avec des sorties comme le bowling, la piscine (natation) et des balades \u00e0 v\u00e9lo (VTT).<\/p>\n\n\n\n<p><strong>Aventure stage<\/strong>&nbsp;\ud83c\udfde\ufe0f\ud83d\udeb4\u200d\u2642\ufe0f<br>Un stage pour les amoureux de la nature et du d\u00e9fi, avec des activit\u00e9s multisports et des moments inoubliables, incluant une sortie au parc Aventure, une journ\u00e9e Koh-Lanta, et des balades \u00e0 v\u00e9lo (VTT).<\/p>\n\n\n\n<p class=\"has-text-align-center\"><strong>D\u00e9roulement d&rsquo;une journ\u00e9e type de stage<\/strong><\/p>\n\n\n\n<p>8 h 30 : Accueil<\/p>\n\n\n\n<p>9 h 00 : Mise en condition<\/p>\n\n\n\n<p>9 h 15 : Activit\u00e9s 1 &nbsp;<\/p>\n\n\n\n<p>11 h 15 : Activit\u00e9s compl\u00e9mentaires<\/p>\n\n\n\n<p>12 h&nbsp;00 : Repas<\/p>\n\n\n\n<p>12 h 30 : Sieste (petits) ou temps libre<\/p>\n\n\n\n<p>13 h 30&nbsp;: Activites 2 <\/p>\n\n\n\n<p>15H45 : Retour au calme et stretching.<\/p>\n\n\n\n<p>16 H : Fin du stage.<\/p>\n","protected":false},"excerpt":{"rendered":"<p>Explication des diff\u00e9rentes formules de Stage Psychomotricit\u00e9&nbsp;\ud83e\udde0\ud83e\udd38\u200d\u2640\ufe0fUn stage con\u00e7u pour stimuler les capacit\u00e9s motrices des enfants \u00e0 travers des jeux et des activit\u00e9s adapt\u00e9es, favorisant leur d\u00e9veloppement physique et leur coordination. Atelier cr\u00e9atif&nbsp;\ud83c\udfa8\u2702\ufe0fUn espace o\u00f9 les enfants peuvent exprimer leur &hellip; <a href=\"https:\/\/activlife.be\/index.php\/description-stages\/\">Continuer la lecture <span class=\"meta-nav\">&rarr;<\/span><\/a><\/p>\n","protected":false},"author":1,"featured_media":448,"parent":0,"menu_order":0,"comment_status":"closed","ping_status":"closed","template":"","meta":{"inline_featured_image":false,"footnotes":""},"class_list":["post-825","page","type-page","status-publish","has-post-thumbnail","hentry"],"_links":{"self":[{"href":"https:\/\/activlife.be\/index.php\/wp-json\/wp\/v2\/pages\/825","targetHints":{"allow":["GET"]}}],"collection":[{"href":"https:\/\/activlife.be\/index.php\/wp-json\/wp\/v2\/pages"}],"about":[{"href":"https:\/\/activlife.be\/index.php\/wp-json\/wp\/v2\/types\/page"}],"author":[{"embeddable":true,"href":"https:\/\/activlife.be\/index.php\/wp-json\/wp\/v2\/users\/1"}],"replies":[{"embeddable":true,"href":"https:\/\/activlife.be\/index.php\/wp-json\/wp\/v2\/comments?post=825"}],"version-history":[{"count":5,"href":"https:\/\/activlife.be\/index.php\/wp-json\/wp\/v2\/pages\/825\/revisions"}],"predecessor-version":[{"id":1189,"href":"https:\/\/activlife.be\/index.php\/wp-json\/wp\/v2\/pages\/825\/revisions\/1189"}],"wp:featuredmedia":[{"embeddable":true,"href":"https:\/\/activlife.be\/index.php\/wp-json\/wp\/v2\/media\/448"}],"wp:attachment":[{"href":"https:\/\/activlife.be\/index.php\/wp-json\/wp\/v2\/media?parent=825"}],"curies":[{"name":"wp","href":"https:\/\/api.w.org\/{rel}","templated":true}]}}