{"id":797,"date":"2024-10-18T18:58:34","date_gmt":"2024-10-18T16:58:34","guid":{"rendered":"https:\/\/activlife.be\/?page_id=797"},"modified":"2026-01-29T21:10:17","modified_gmt":"2026-01-29T20:10:17","slug":"activ-pad","status":"publish","type":"page","link":"https:\/\/activlife.be\/index.php\/activ-pad\/","title":{"rendered":"Activ Pad"},"content":{"rendered":"<p style=\"text-align: center;\"><strong>Au Hall Sportif de Grez-Doiceau<\/strong><\/p>\n\n<div class=\"wp-block-image\">\n<figure class=\"aligncenter size-large is-resized\"><img loading=\"lazy\" decoding=\"async\" width=\"1024\" height=\"1007\" src=\"https:\/\/activlife.be\/wp-content\/uploads\/2026\/01\/Activ_Pad-e1769714392608-1024x1007.png\" alt=\"\" class=\"wp-image-1161\" style=\"width:204px;height:auto\" srcset=\"https:\/\/activlife.be\/wp-content\/uploads\/2026\/01\/Activ_Pad-e1769714392608-1024x1007.png 1024w, https:\/\/activlife.be\/wp-content\/uploads\/2026\/01\/Activ_Pad-e1769714392608-300x295.png 300w, https:\/\/activlife.be\/wp-content\/uploads\/2026\/01\/Activ_Pad-e1769714392608-768x755.png 768w, https:\/\/activlife.be\/wp-content\/uploads\/2026\/01\/Activ_Pad-e1769714392608-1536x1511.png 1536w, https:\/\/activlife.be\/wp-content\/uploads\/2026\/01\/Activ_Pad-e1769714392608-2048x2014.png 2048w, https:\/\/activlife.be\/wp-content\/uploads\/2026\/01\/Activ_Pad-e1769714392608-305x300.png 305w, https:\/\/activlife.be\/wp-content\/uploads\/2026\/01\/Activ_Pad-e1769714392608-24x24.png 24w, https:\/\/activlife.be\/wp-content\/uploads\/2026\/01\/Activ_Pad-e1769714392608-36x36.png 36w, https:\/\/activlife.be\/wp-content\/uploads\/2026\/01\/Activ_Pad-e1769714392608-48x48.png 48w\" sizes=\"auto, (max-width: 1024px) 100vw, 1024px\" \/><\/figure><\/div>\n\n<p><strong>Prix, Infos Padel : <span style=\"color: #ff9900;\"><a style=\"color: #ff9900;\" href=\"https:\/\/activlife.be\/index.php\/activpad\/\">Clique ici\u00a0<\/a><\/span><\/strong><\/p>\n<p><strong>Inscription Padel : <span style=\"color: #ff9900;\"><a style=\"color: #ff9900;\" href=\"https:\/\/activlife.be\/index.php\/inscription-padel\/\">Clique ici\u00a0<\/a><\/span><\/strong><\/p>\n\n<div class=\"wp-block-image\">\n<figure class=\"aligncenter size-large is-resized\"><img loading=\"lazy\" decoding=\"async\" width=\"1240\" height=\"1239\" src=\"https:\/\/activlife.be\/wp-content\/uploads\/2025\/06\/Flyers-ActivPad-edited.png\" alt=\"\" class=\"wp-image-1034\" style=\"width:461px;height:auto\" srcset=\"https:\/\/activlife.be\/wp-content\/uploads\/2025\/06\/Flyers-ActivPad-edited.png 1240w, https:\/\/activlife.be\/wp-content\/uploads\/2025\/06\/Flyers-ActivPad-edited-300x300.png 300w, https:\/\/activlife.be\/wp-content\/uploads\/2025\/06\/Flyers-ActivPad-edited-1024x1024.png 1024w, https:\/\/activlife.be\/wp-content\/uploads\/2025\/06\/Flyers-ActivPad-edited-150x150.png 150w, https:\/\/activlife.be\/wp-content\/uploads\/2025\/06\/Flyers-ActivPad-edited-768x767.png 768w, https:\/\/activlife.be\/wp-content\/uploads\/2025\/06\/Flyers-ActivPad-edited-24x24.png 24w, https:\/\/activlife.be\/wp-content\/uploads\/2025\/06\/Flyers-ActivPad-edited-36x36.png 36w, https:\/\/activlife.be\/wp-content\/uploads\/2025\/06\/Flyers-ActivPad-edited-48x48.png 48w\" sizes=\"auto, (max-width: 1240px) 100vw, 1240px\" \/><\/figure><\/div>\n\n<p class=\"p1\"><b>Le padel, un sport complet, fun et accessible<\/b><b><\/b><\/p>\n<p class=\"p3\">Le padel est un sport de raquette en plein essor, m\u00ealant dynamisme, strat\u00e9gie et esprit d\u2019\u00e9quipe. Il se joue en double sur un terrain plus petit que le tennis, entour\u00e9 de parois vitr\u00e9es qui font partie int\u00e9grante du jeu.<\/p>\n<p class=\"p3\">Accessible \u00e0 tous, quel que soit l\u2019\u00e2ge ou le niveau, le padel d\u00e9veloppe la coordination, la vivacit\u00e9, l\u2019anticipation et le sens tactique, dans une ambiance conviviale et sportive. Ludique et facile \u00e0 prendre en main, il s\u00e9duit autant les d\u00e9butants que les joueurs plus exp\u00e9riment\u00e9s.<\/p>\n<p class=\"p3\">Chez ActivLife, la pratique du padel se veut avant tout loisir et plaisir, dans un cadre accueillant et familial. Des cours sont propos\u00e9s pour progresser \u00e0 son rythme, tout en partageant un bon moment sur le terrain.<\/p>\n\n\n<figure class=\"wp-block-gallery has-nested-images columns-default is-cropped wp-block-gallery-1 is-layout-flex wp-block-gallery-is-layout-flex\">\n<figure class=\"wp-block-image size-large\"><img loading=\"lazy\" decoding=\"async\" width=\"1024\" height=\"683\" data-id=\"1165\" src=\"https:\/\/activlife.be\/wp-content\/uploads\/2026\/01\/IMG_1877-1024x683.jpeg\" alt=\"\" class=\"wp-image-1165\" srcset=\"https:\/\/activlife.be\/wp-content\/uploads\/2026\/01\/IMG_1877-1024x683.jpeg 1024w, https:\/\/activlife.be\/wp-content\/uploads\/2026\/01\/IMG_1877-300x200.jpeg 300w, https:\/\/activlife.be\/wp-content\/uploads\/2026\/01\/IMG_1877-768x512.jpeg 768w, https:\/\/activlife.be\/wp-content\/uploads\/2026\/01\/IMG_1877-1536x1024.jpeg 1536w, https:\/\/activlife.be\/wp-content\/uploads\/2026\/01\/IMG_1877-2048x1365.jpeg 2048w, https:\/\/activlife.be\/wp-content\/uploads\/2026\/01\/IMG_1877-450x300.jpeg 450w, https:\/\/activlife.be\/wp-content\/uploads\/2026\/01\/IMG_1877-24x16.jpeg 24w, https:\/\/activlife.be\/wp-content\/uploads\/2026\/01\/IMG_1877-36x24.jpeg 36w, https:\/\/activlife.be\/wp-content\/uploads\/2026\/01\/IMG_1877-48x32.jpeg 48w\" sizes=\"auto, (max-width: 1024px) 100vw, 1024px\" \/><\/figure>\n\n\n\n<figure class=\"wp-block-image size-large\"><img loading=\"lazy\" decoding=\"async\" width=\"1024\" height=\"683\" data-id=\"1162\" src=\"https:\/\/activlife.be\/wp-content\/uploads\/2026\/01\/IMG_1871-1024x683.jpeg\" alt=\"\" class=\"wp-image-1162\" srcset=\"https:\/\/activlife.be\/wp-content\/uploads\/2026\/01\/IMG_1871-1024x683.jpeg 1024w, https:\/\/activlife.be\/wp-content\/uploads\/2026\/01\/IMG_1871-300x200.jpeg 300w, https:\/\/activlife.be\/wp-content\/uploads\/2026\/01\/IMG_1871-768x512.jpeg 768w, https:\/\/activlife.be\/wp-content\/uploads\/2026\/01\/IMG_1871-1536x1024.jpeg 1536w, https:\/\/activlife.be\/wp-content\/uploads\/2026\/01\/IMG_1871-2048x1365.jpeg 2048w, https:\/\/activlife.be\/wp-content\/uploads\/2026\/01\/IMG_1871-450x300.jpeg 450w, https:\/\/activlife.be\/wp-content\/uploads\/2026\/01\/IMG_1871-24x16.jpeg 24w, https:\/\/activlife.be\/wp-content\/uploads\/2026\/01\/IMG_1871-36x24.jpeg 36w, https:\/\/activlife.be\/wp-content\/uploads\/2026\/01\/IMG_1871-48x32.jpeg 48w\" sizes=\"auto, (max-width: 1024px) 100vw, 1024px\" \/><\/figure>\n<\/figure>\n\n\n<div class=\"wp-block-image\">\n<figure class=\"aligncenter size-large is-resized\"><img loading=\"lazy\" decoding=\"async\" width=\"1024\" height=\"683\" src=\"https:\/\/activlife.be\/wp-content\/uploads\/2026\/01\/IMG_1872-1024x683.jpeg\" alt=\"\" class=\"wp-image-1164\" style=\"width:534px;height:auto\" srcset=\"https:\/\/activlife.be\/wp-content\/uploads\/2026\/01\/IMG_1872-1024x683.jpeg 1024w, https:\/\/activlife.be\/wp-content\/uploads\/2026\/01\/IMG_1872-300x200.jpeg 300w, https:\/\/activlife.be\/wp-content\/uploads\/2026\/01\/IMG_1872-768x512.jpeg 768w, https:\/\/activlife.be\/wp-content\/uploads\/2026\/01\/IMG_1872-1536x1024.jpeg 1536w, https:\/\/activlife.be\/wp-content\/uploads\/2026\/01\/IMG_1872-2048x1365.jpeg 2048w, https:\/\/activlife.be\/wp-content\/uploads\/2026\/01\/IMG_1872-450x300.jpeg 450w, https:\/\/activlife.be\/wp-content\/uploads\/2026\/01\/IMG_1872-24x16.jpeg 24w, https:\/\/activlife.be\/wp-content\/uploads\/2026\/01\/IMG_1872-36x24.jpeg 36w, https:\/\/activlife.be\/wp-content\/uploads\/2026\/01\/IMG_1872-48x32.jpeg 48w\" sizes=\"auto, (max-width: 1024px) 100vw, 1024px\" \/><figcaption class=\"wp-element-caption\"> Vainqueur des Masters Wallonie 2025 \ud83c\udfc6 | ActivLife<\/figcaption><\/figure><\/div>\n\n\n<p><\/p>\n","protected":false},"excerpt":{"rendered":"<p>Au Hall Sportif de Grez-Doiceau Prix, Infos Padel : Clique ici\u00a0 Inscription Padel : Clique ici\u00a0 Le padel, un sport complet, fun et accessible Le padel est un sport de raquette en plein essor, m\u00ealant dynamisme, strat\u00e9gie et esprit d\u2019\u00e9quipe. &hellip; <a href=\"https:\/\/activlife.be\/index.php\/activ-pad\/\">Continuer la lecture <span class=\"meta-nav\">&rarr;<\/span><\/a><\/p>\n","protected":false},"author":1,"featured_media":774,"parent":0,"menu_order":0,"comment_status":"closed","ping_status":"closed","template":"","meta":{"inline_featured_image":false,"footnotes":""},"class_list":["post-797","page","type-page","status-publish","has-post-thumbnail","hentry"],"_links":{"self":[{"href":"https:\/\/activlife.be\/index.php\/wp-json\/wp\/v2\/pages\/797","targetHints":{"allow":["GET"]}}],"collection":[{"href":"https:\/\/activlife.be\/index.php\/wp-json\/wp\/v2\/pages"}],"about":[{"href":"https:\/\/activlife.be\/index.php\/wp-json\/wp\/v2\/types\/page"}],"author":[{"embeddable":true,"href":"https:\/\/activlife.be\/index.php\/wp-json\/wp\/v2\/users\/1"}],"replies":[{"embeddable":true,"href":"https:\/\/activlife.be\/index.php\/wp-json\/wp\/v2\/comments?post=797"}],"version-history":[{"count":24,"href":"https:\/\/activlife.be\/index.php\/wp-json\/wp\/v2\/pages\/797\/revisions"}],"predecessor-version":[{"id":1194,"href":"https:\/\/activlife.be\/index.php\/wp-json\/wp\/v2\/pages\/797\/revisions\/1194"}],"wp:featuredmedia":[{"embeddable":true,"href":"https:\/\/activlife.be\/index.php\/wp-json\/wp\/v2\/media\/774"}],"wp:attachment":[{"href":"https:\/\/activlife.be\/index.php\/wp-json\/wp\/v2\/media?parent=797"}],"curies":[{"name":"wp","href":"https:\/\/api.w.org\/{rel}","templated":true}]}}