{"id":56,"date":"2017-05-30T10:43:10","date_gmt":"2017-05-30T08:43:10","guid":{"rendered":"http:\/\/activlife.be\/?page_id=56"},"modified":"2026-01-30T13:52:27","modified_gmt":"2026-01-30T12:52:27","slug":"activ-stage","status":"publish","type":"page","link":"https:\/\/activlife.be\/index.php\/activ-stage\/","title":{"rendered":"Activ Stage"},"content":{"rendered":"\n<p class=\"has-text-align-center\"><strong>Au centre sportif Andr\u00e9 Docquier \u00e0 Chaumont-Gistoux.<\/strong><\/p>\n\n\n<div class=\"wp-block-image\">\n<figure class=\"aligncenter size-large is-resized\"><img loading=\"lazy\" decoding=\"async\" width=\"1024\" height=\"1021\" src=\"https:\/\/activlife.be\/wp-content\/uploads\/2026\/01\/Activ_Stage@2x-e1769714303624-1024x1021.png\" alt=\"\" class=\"wp-image-1160\" style=\"width:205px;height:auto\" srcset=\"https:\/\/activlife.be\/wp-content\/uploads\/2026\/01\/Activ_Stage@2x-e1769714303624-1024x1021.png 1024w, https:\/\/activlife.be\/wp-content\/uploads\/2026\/01\/Activ_Stage@2x-e1769714303624-300x300.png 300w, https:\/\/activlife.be\/wp-content\/uploads\/2026\/01\/Activ_Stage@2x-e1769714303624-150x150.png 150w, https:\/\/activlife.be\/wp-content\/uploads\/2026\/01\/Activ_Stage@2x-e1769714303624-768x766.png 768w, https:\/\/activlife.be\/wp-content\/uploads\/2026\/01\/Activ_Stage@2x-e1769714303624-1536x1532.png 1536w, https:\/\/activlife.be\/wp-content\/uploads\/2026\/01\/Activ_Stage@2x-e1769714303624-2048x2042.png 2048w, https:\/\/activlife.be\/wp-content\/uploads\/2026\/01\/Activ_Stage@2x-e1769714303624-301x300.png 301w, https:\/\/activlife.be\/wp-content\/uploads\/2026\/01\/Activ_Stage@2x-e1769714303624-24x24.png 24w, https:\/\/activlife.be\/wp-content\/uploads\/2026\/01\/Activ_Stage@2x-e1769714303624-36x36.png 36w, https:\/\/activlife.be\/wp-content\/uploads\/2026\/01\/Activ_Stage@2x-e1769714303624-48x48.png 48w\" sizes=\"auto, (max-width: 1024px) 100vw, 1024px\" \/><\/figure><\/div>\n\n\n<figure class=\"wp-block-embed is-type-video is-provider-vimeo wp-block-embed-vimeo wp-embed-aspect-16-9 wp-has-aspect-ratio\"><div class=\"wp-block-embed__wrapper\">\n<iframe loading=\"lazy\" title=\"Stage Chaumont-Gistoux\" src=\"https:\/\/player.vimeo.com\/video\/481298535?dnt=1&amp;app_id=122963\" width=\"584\" height=\"329\" frameborder=\"0\" allow=\"autoplay; fullscreen; picture-in-picture; clipboard-write; encrypted-media; web-share\" referrerpolicy=\"strict-origin-when-cross-origin\"><\/iframe>\n<\/div><\/figure>\n\n\n<p style=\"text-align: center;\">L\u2019ASBL <strong>ActivLife<\/strong> a pour mission de conserver un esprit familial tout en proposant des stages vari\u00e9s, dans une ambiance conviviale et avec un encadrement assur\u00e9 par des professionnels du sport et de l\u2019enfance.<\/p>\n<h4 style=\"text-align: center;\"><span style=\"font-size: 12pt;\">\u00a0<strong data-start=\"69\" data-end=\"136\">Toutes les informations sur nos formules sont disponibles ici<\/strong> \u00a0<\/span><\/h4>\n<p style=\"text-align: center;\"><span style=\"font-size: 14pt;\">\ud83d\udc47<\/span><\/p>\n<p style=\"text-align: center;\"><strong><span style=\"font-size: 12pt;\"><span style=\"color: #ff6600;\"><a style=\"color: #ff6600;\" href=\"http:\/\/activlife.be\/index.php\/stages-chaumont-gistoux\/\"><span style=\"color: #ff9900;\">Stages Chaumont-Gistoux<\/span><\/a><\/span><\/span><\/strong><\/p>\n<p><em>Divers :<\/em><\/p>\n<p>Une garderie gratuite est organis\u00e9e de 8h30 \u00e0 9 h et de 16h00 \u00e0 16h30. \u00a0La garderie est payante entre 8h00 et 8h30 ( 1\u20ac \/ jour ) et 16h30 et 17 h 30( 1\u20ac \/ jour ). (si matin + apr\u00e8s-midi : 2\u20ac \/ jour).<\/p>\n<p>L&rsquo;inscription peut se faire via la rubrique \u00ab\u00a0<span style=\"color: #ff9900;\"><a style=\"color: #ff9900;\" href=\"https:\/\/activlife.be\/index.php\/inscription-activ-stage\/\">Inscription Stage<\/a><\/span>\u00a0\u00bb du site web.<\/p>\n<p class=\"p1\">La rubrique \u00ab<span style=\"color: #ff9900;\"><a style=\"color: #ff9900;\" href=\"https:\/\/activlife.be\/index.php\/description-stages\/\"> Description<\/a>\u00a0<\/span>\u00bb pr\u00e9sente bri\u00e8vement les diff\u00e9rentes activit\u00e9s sportives propos\u00e9es durant nos stages. Vous y trouverez un aper\u00e7u des sports, jeux et animations organis\u00e9s chaque semaine selon l\u2019\u00e2ge des participants.<\/p>\n<p>La rubrique \u00ab\u00a0<span style=\"color: #ff9900;\"><a style=\"color: #ff9900;\" href=\"https:\/\/activlife.be\/index.php\/reglements-stages\/\"><span style=\"color: #ff9900;\">R\u00e8glement<\/span> <\/a><\/span>\u00a0\u00bb du site reprend divers infos (tenue, assurance,..) dont on vous invite \u00e0 prendre connaissance.<\/p>\n<p>Un e-mail sera envoy\u00e9 pour confirmer l &lsquo;inscription.<\/p>\n\n\n<p><\/p>\n","protected":false},"excerpt":{"rendered":"<p>Au centre sportif Andr\u00e9 Docquier \u00e0 Chaumont-Gistoux. L\u2019ASBL ActivLife a pour mission de conserver un esprit familial tout en proposant des stages vari\u00e9s, dans une ambiance conviviale et avec un encadrement assur\u00e9 par des professionnels du sport et de l\u2019enfance. &hellip; <a href=\"https:\/\/activlife.be\/index.php\/activ-stage\/\">Continuer la lecture <span class=\"meta-nav\">&rarr;<\/span><\/a><\/p>\n","protected":false},"author":1,"featured_media":448,"parent":0,"menu_order":0,"comment_status":"closed","ping_status":"closed","template":"","meta":{"inline_featured_image":false,"footnotes":""},"class_list":["post-56","page","type-page","status-publish","has-post-thumbnail","hentry"],"_links":{"self":[{"href":"https:\/\/activlife.be\/index.php\/wp-json\/wp\/v2\/pages\/56","targetHints":{"allow":["GET"]}}],"collection":[{"href":"https:\/\/activlife.be\/index.php\/wp-json\/wp\/v2\/pages"}],"about":[{"href":"https:\/\/activlife.be\/index.php\/wp-json\/wp\/v2\/types\/page"}],"author":[{"embeddable":true,"href":"https:\/\/activlife.be\/index.php\/wp-json\/wp\/v2\/users\/1"}],"replies":[{"embeddable":true,"href":"https:\/\/activlife.be\/index.php\/wp-json\/wp\/v2\/comments?post=56"}],"version-history":[{"count":75,"href":"https:\/\/activlife.be\/index.php\/wp-json\/wp\/v2\/pages\/56\/revisions"}],"predecessor-version":[{"id":1196,"href":"https:\/\/activlife.be\/index.php\/wp-json\/wp\/v2\/pages\/56\/revisions\/1196"}],"wp:featuredmedia":[{"embeddable":true,"href":"https:\/\/activlife.be\/index.php\/wp-json\/wp\/v2\/media\/448"}],"wp:attachment":[{"href":"https:\/\/activlife.be\/index.php\/wp-json\/wp\/v2\/media?parent=56"}],"curies":[{"name":"wp","href":"https:\/\/api.w.org\/{rel}","templated":true}]}}