{"id":52,"date":"2017-05-30T10:40:52","date_gmt":"2017-05-30T08:40:52","guid":{"rendered":"http:\/\/activlife.be\/?page_id=52"},"modified":"2026-01-30T13:55:59","modified_gmt":"2026-01-30T12:55:59","slug":"contact","status":"publish","type":"page","link":"https:\/\/activlife.be\/index.php\/contact\/","title":{"rendered":"Contact"},"content":{"rendered":"<p>ActivLife asbl<\/p>\n<p>Contact badminton, stages, f\u00eate d&rsquo;anniversaire\u00a0et pr\u00e9paration physique<\/p>\n<ul>\n<li>T\u00e9l\u00e9phone : Thomas Gelin 0471\/94 86 42<\/li>\n<li>Mail : <span id=\"e332685687\" style=\"color: #ff9900;\"><a style=\"color: #ff9900;\">activlife.asbl@gmail.com<\/a><\/span><\/li>\n<\/ul>\n<p>Contact pr\u00e9paration physique et f\u00eate d&rsquo;anniversaire<\/p>\n<ul>\n<li>T\u00e9l\u00e9phone : Morgan Gelin 0470\/04 03 94<\/li>\n<li>Mail : <span id=\"e332685687\" style=\"color: #ff9900;\"><a style=\"color: #ff9900;\">gelinmorgan@gmail.com<\/a><\/span><\/li>\n<\/ul>\n<p>Compte de l&rsquo;ASBL Activlife : BE67 6528 5223 2887<\/p>\n<p>Lieu des stages : Centre sportif Andr\u00e9 Docquier\u00a0 , Av du Ronvau 8, 1325 Chaumont-Gistoux<\/p>\n<p>Lieu du badminton \/ Padel : Centre sportif Grez-Doiceau, ch de wavre 99, 1390 Grez-Doiceau<\/p>\n<p>Lieu du coaching physique : Domicile .<\/p>\n","protected":false},"excerpt":{"rendered":"<p>ActivLife asbl Contact badminton, stages, f\u00eate d&rsquo;anniversaire\u00a0et pr\u00e9paration physique T\u00e9l\u00e9phone : Thomas Gelin 0471\/94 86 42 Mail : activlife.asbl@gmail.com Contact pr\u00e9paration physique et f\u00eate d&rsquo;anniversaire T\u00e9l\u00e9phone : Morgan Gelin 0470\/04 03 94 Mail : gelinmorgan@gmail.com Compte de l&rsquo;ASBL Activlife : &hellip; <a href=\"https:\/\/activlife.be\/index.php\/contact\/\">Continuer la lecture <span class=\"meta-nav\">&rarr;<\/span><\/a><\/p>\n","protected":false},"author":1,"featured_media":0,"parent":0,"menu_order":0,"comment_status":"closed","ping_status":"closed","template":"","meta":{"inline_featured_image":false,"footnotes":""},"class_list":["post-52","page","type-page","status-publish","hentry"],"_links":{"self":[{"href":"https:\/\/activlife.be\/index.php\/wp-json\/wp\/v2\/pages\/52","targetHints":{"allow":["GET"]}}],"collection":[{"href":"https:\/\/activlife.be\/index.php\/wp-json\/wp\/v2\/pages"}],"about":[{"href":"https:\/\/activlife.be\/index.php\/wp-json\/wp\/v2\/types\/page"}],"author":[{"embeddable":true,"href":"https:\/\/activlife.be\/index.php\/wp-json\/wp\/v2\/users\/1"}],"replies":[{"embeddable":true,"href":"https:\/\/activlife.be\/index.php\/wp-json\/wp\/v2\/comments?post=52"}],"version-history":[{"count":18,"href":"https:\/\/activlife.be\/index.php\/wp-json\/wp\/v2\/pages\/52\/revisions"}],"predecessor-version":[{"id":1199,"href":"https:\/\/activlife.be\/index.php\/wp-json\/wp\/v2\/pages\/52\/revisions\/1199"}],"wp:attachment":[{"href":"https:\/\/activlife.be\/index.php\/wp-json\/wp\/v2\/media?parent=52"}],"curies":[{"name":"wp","href":"https:\/\/api.w.org\/{rel}","templated":true}]}}