{"id":41,"date":"2017-05-30T10:18:22","date_gmt":"2017-05-30T08:18:22","guid":{"rendered":"http:\/\/activlife.be\/?page_id=41"},"modified":"2026-01-29T20:27:59","modified_gmt":"2026-01-29T19:27:59","slug":"birthday","status":"publish","type":"page","link":"https:\/\/activlife.be\/index.php\/birthday\/","title":{"rendered":"Activ Birthday"},"content":{"rendered":"\n<p style=\"text-align: center;\"><strong>Au Hall Sportif de Grez-Doiceau<\/strong><\/p>\n\n\n<div class=\"wp-block-image\">\n<figure class=\"aligncenter size-large is-resized\"><img decoding=\"async\" src=\"https:\/\/activlife.be\/wp-content\/uploads\/2026\/01\/Activ_Birthday@2x-1-edited-3.png\" alt=\"\" class=\"wp-image-1145\" style=\"width:200px;height:auto\"\/><\/figure><\/div>\n\n<p style=\"text-align: center;\"><span style=\"font-size: revert;\"><strong>LOCATION CHATEAU GONFLABLE<\/strong><\/span><\/p>\n<p>L&rsquo;asbl Activlife vous propose la location d&rsquo;un ch\u00e2teau gonflable afin d&rsquo;animer au mieux vos f\u00eates d&rsquo;anniversaire et autres.<\/p>\n<p><img loading=\"lazy\" decoding=\"async\" class=\"size-medium wp-image-669 aligncenter\" src=\"https:\/\/activlife.be\/wp-content\/uploads\/2022\/07\/IMG_1523-300x219.jpg\" alt=\"\" width=\"300\" height=\"219\" srcset=\"https:\/\/activlife.be\/wp-content\/uploads\/2022\/07\/IMG_1523-300x219.jpg 300w, https:\/\/activlife.be\/wp-content\/uploads\/2022\/07\/IMG_1523-1024x746.jpg 1024w, https:\/\/activlife.be\/wp-content\/uploads\/2022\/07\/IMG_1523-768x560.jpg 768w, https:\/\/activlife.be\/wp-content\/uploads\/2022\/07\/IMG_1523-1536x1119.jpg 1536w, https:\/\/activlife.be\/wp-content\/uploads\/2022\/07\/IMG_1523-2048x1493.jpg 2048w, https:\/\/activlife.be\/wp-content\/uploads\/2022\/07\/IMG_1523-412x300.jpg 412w\" sizes=\"auto, (max-width: 300px) 100vw, 300px\" \/><\/p>\n<p>La Location de ce dernier est de 100\u20ac + frais de d\u00e9placement en partant de Grez-Doiceau. Il est amen\u00e9 jusqu&rsquo;\u00e0 l&#8217;emplacement que vous d\u00e9sirez et toutes les informations pratiques vous seront donn\u00e9es.<\/p>\n<p>Le ch\u00e2teau a une dimension de +\/- 4 m\u00e8tres sur 4.<\/p>\n<p>Pour r\u00e9server, prenez contact avec Morgan par t\u00e9l\u00e9phone 0470\/04 03 94 ou par mail gelinmorgan@gmail.com<\/p>\n<p style=\"text-align: center;\"><strong>ORGANISATION FETE ANNIVERSAIRE<\/strong><\/p>\n<p>L&rsquo;ASBL Activlife vous propose aussi l&rsquo;organisation d&rsquo;anniversaires au hall omnisports de Grez-Doiceau.<\/p>\n<p><img loading=\"lazy\" decoding=\"async\" class=\"size-medium wp-image-423 aligncenter\" src=\"https:\/\/activlife.be\/wp-content\/uploads\/2017\/05\/cropped-IMG_0623-1-300x169.jpg\" alt=\"\" width=\"300\" height=\"169\" srcset=\"https:\/\/activlife.be\/wp-content\/uploads\/2017\/05\/cropped-IMG_0623-1-300x169.jpg 300w, https:\/\/activlife.be\/wp-content\/uploads\/2017\/05\/cropped-IMG_0623-1-768x432.jpg 768w, https:\/\/activlife.be\/wp-content\/uploads\/2017\/05\/cropped-IMG_0623-1-500x281.jpg 500w, https:\/\/activlife.be\/wp-content\/uploads\/2017\/05\/cropped-IMG_0623-1.jpg 1000w\" sizes=\"auto, (max-width: 300px) 100vw, 300px\" \/><\/p>\n<p>Plusieurs formules sont possible le samedi ou dimanche entre 14h et 18h. \u00a0 \u00a0 \u00a0 \u00a0 \u00a0 \u00a0 \u00a0 \u00a0 \u00a0 \u00a0 \u00a0 \u00a0<\/p>\n<p>Prix pour un groupe entre 6 \u00e0 10 enfants (10\u20ac par enfant suppl\u00e9mentaire)<\/p>\n<ul style=\"list-style-type: disc;\" data-start=\"315\" data-end=\"753\">\n<li data-start=\"315\" data-end=\"429\">\u00a0<strong data-start=\"279\" data-end=\"302\">FORMULE 1 (4\u20136 ans)<\/strong> : Multisports \u2013 Circuit psychomot \u2192 <strong data-start=\"339\" data-end=\"348\">160 \u20ac <\/strong>+ Option ch\u00e2teau gonflable \u2192 <strong data-start=\"380\" data-end=\"389\">220 \u20ac<\/strong><\/li>\n<li data-start=\"315\" data-end=\"429\"><strong data-start=\"395\" data-end=\"419\">FORMULE 2 (6-14 ans)<\/strong> : Multisports, nouveaux sports \u2192 <strong data-start=\"453\" data-end=\"462\">160 \u20ac<\/strong><\/li>\n<li data-start=\"315\" data-end=\"429\"><strong data-start=\"468\" data-end=\"492\">FORMULE 3 (6-14 ans)<\/strong> : Multisports + Escalade \u2192 <strong data-start=\"520\" data-end=\"529\">180 \u20ac<\/strong><\/li>\n<li data-start=\"315\" data-end=\"429\"><strong data-start=\"535\" data-end=\"559\">FORMULE 4 (8-14 ans)<\/strong> : Koh Lanta \u2013 Multisports \u2192 <strong data-start=\"588\" data-end=\"597\">180 \u20ac<\/strong><\/li>\n<li data-start=\"315\" data-end=\"429\"><strong data-start=\"603\" data-end=\"627\">FORMULE 5 (9-14 ans)<\/strong> : Multi-raquettes (Badminton, Tennis, Pickleball) + Multisports \u2192 <strong data-start=\"694\" data-end=\"703\">190 \u20ac \u00a0<\/strong>Option Padel possible (suppl\u00e9ment = prix du terrain).<\/li>\n<li data-start=\"315\" data-end=\"429\"><strong data-start=\"603\" data-end=\"627\">FORMULE 6 ( 6-14 ans) <\/strong>: \u00a0possibilit\u00e9 d\u2019un <strong data-start=\"805\" data-end=\"834\">anniversaire personnalis\u00e9<\/strong> (sp\u00e9cial foot, danse, VTT, roller, \u2026).<\/li>\n<\/ul>\n<p><strong>2 heures\u00a0 d&rsquo;activit\u00e9s + 1 heure<\/strong>\u00a0consacr\u00e9es au traditionnel souffl\u00e9 de bougies ainsi qu&rsquo;au d\u00e9ballage de cadeaux (pris en charge par les parents )<br \/>Une salle est mise a disposition pour accueillir les enfants et partager le g\u00e2teau avec les copains et copines : Vous pouvez apporter boissons et g\u00e2teau. (10\u20ac de droit de bouchon) . Possibilit\u00e9 d&rsquo;accueillir le groupe d&rsquo;enfants dans la caf\u00e9t\u00e9ria (Les boissons devront \u00eatre prises et pay\u00e9es au bar)<\/p>\n<p><strong>Nous pouvons aussi fixer ensemble des activit\u00e9s plus sp\u00e9cifiques<\/strong> (annif sp\u00e9cial foot , sp\u00e9cial danse, VTT,&#8230;) ou combiner plusieurs sports bien pr\u00e9cis par rapport aux d\u00e9sirs de votre enfant pour sa f\u00eate.<\/p>\n<p>Pour r\u00e9server un anniversaire prenez contact avec Thomas par t\u00e9l\u00e9phone 0471\/94 86 42 ou par mail activlife.asbl@gmail.com<\/p>\n\n\n<p><\/p>\n","protected":false},"excerpt":{"rendered":"<p>Au Hall Sportif de Grez-Doiceau LOCATION CHATEAU GONFLABLE L&rsquo;asbl Activlife vous propose la location d&rsquo;un ch\u00e2teau gonflable afin d&rsquo;animer au mieux vos f\u00eates d&rsquo;anniversaire et autres. La Location de ce dernier est de 100\u20ac + frais de d\u00e9placement en partant &hellip; <a href=\"https:\/\/activlife.be\/index.php\/birthday\/\">Continuer la lecture <span class=\"meta-nav\">&rarr;<\/span><\/a><\/p>\n","protected":false},"author":1,"featured_media":794,"parent":0,"menu_order":0,"comment_status":"closed","ping_status":"closed","template":"","meta":{"inline_featured_image":false,"footnotes":""},"class_list":["post-41","page","type-page","status-publish","has-post-thumbnail","hentry"],"_links":{"self":[{"href":"https:\/\/activlife.be\/index.php\/wp-json\/wp\/v2\/pages\/41","targetHints":{"allow":["GET"]}}],"collection":[{"href":"https:\/\/activlife.be\/index.php\/wp-json\/wp\/v2\/pages"}],"about":[{"href":"https:\/\/activlife.be\/index.php\/wp-json\/wp\/v2\/types\/page"}],"author":[{"embeddable":true,"href":"https:\/\/activlife.be\/index.php\/wp-json\/wp\/v2\/users\/1"}],"replies":[{"embeddable":true,"href":"https:\/\/activlife.be\/index.php\/wp-json\/wp\/v2\/comments?post=41"}],"version-history":[{"count":56,"href":"https:\/\/activlife.be\/index.php\/wp-json\/wp\/v2\/pages\/41\/revisions"}],"predecessor-version":[{"id":1172,"href":"https:\/\/activlife.be\/index.php\/wp-json\/wp\/v2\/pages\/41\/revisions\/1172"}],"wp:featuredmedia":[{"embeddable":true,"href":"https:\/\/activlife.be\/index.php\/wp-json\/wp\/v2\/media\/794"}],"wp:attachment":[{"href":"https:\/\/activlife.be\/index.php\/wp-json\/wp\/v2\/media?parent=41"}],"curies":[{"name":"wp","href":"https:\/\/api.w.org\/{rel}","templated":true}]}}