{"id":4,"date":"2017-04-20T21:24:39","date_gmt":"2017-04-20T19:24:39","guid":{"rendered":"http:\/\/activlife.be\/?page_id=4"},"modified":"2026-01-30T13:51:16","modified_gmt":"2026-01-30T12:51:16","slug":"activ-bad","status":"publish","type":"page","link":"https:\/\/activlife.be\/index.php\/activ-bad\/","title":{"rendered":"Activ Bad"},"content":{"rendered":"<p style=\"text-align: center;\"><strong>Au Hall Sportif de Grez-Doiceau<\/strong><\/p>\n\n<div class=\"wp-block-image\">\n<figure class=\"aligncenter size-large is-resized\"><img decoding=\"async\" src=\"https:\/\/activlife.be\/wp-content\/uploads\/2026\/01\/Activ_Bad@2x-edited-2.png\" alt=\"\" class=\"wp-image-1153\" style=\"width:197px;height:auto\"\/><\/figure><\/div>\n\n<p><strong>Prix, info Badminton :<\/strong><\/p>\n<ul>\n<li>Cotisation Club : <strong><span style=\"color: #ff9900;\"><a style=\"color: #ff9900;\" href=\"https:\/\/activlife.be\/index.php\/cotisation\/\">Clique ici\u00a0<\/a><\/span><\/strong><\/li>\n<li>Cours Jeunes \/ Ados : <strong><span style=\"color: #ff9900;\"><a style=\"color: #ff9900;\" href=\"https:\/\/activlife.be\/index.php\/cours-jeunes\/\">Clique ici<\/a><\/span><\/strong><\/li>\n<\/ul>\n<p><strong>Formulaire d\u2019inscription : <span style=\"color: #ff9900;\"><a style=\"color: #ff9900;\" href=\"https:\/\/activlife.be\/index.php\/inscription\/\">Clique ici<\/a><\/span><\/strong><\/p>\n<p><strong>R\u00e8glement Activ Bad :<span style=\"color: #ff9900;\"> <a style=\"color: #ff9900;\" href=\"https:\/\/activlife.be\/index.php\/reglement-interieur\/\">Clique ici<\/a><\/span><\/strong><\/p>\n<p>Le badminton est un sport alliant technique, souplesse, sens tactique, explosivit\u00e9,&#8230;<\/p>\n<p>La pratique de ce sport permet \u00e0 tous, quels que soit l&rsquo;\u00e2ge, le niveau et le sexe, de s&rsquo;\u00e9panouir \u00e0 travers une ambiance familiale et sportive.<\/p>\n<p>Activ Bad propose la pratique du badminton en formule loisir. Un tournoi annuel avec repas aura lieu chaque ann\u00e9e pour tous les membres.<\/p>\n<h2>\u00a0<\/h2>\n\n\n<p><\/p>\n","protected":false},"excerpt":{"rendered":"<p>Au Hall Sportif de Grez-Doiceau Prix, info Badminton : Cotisation Club : Clique ici\u00a0 Cours Jeunes \/ Ados : Clique ici Formulaire d\u2019inscription : Clique ici R\u00e8glement Activ Bad : Clique ici Le badminton est un sport alliant technique, souplesse, &hellip; <a href=\"https:\/\/activlife.be\/index.php\/activ-bad\/\">Continuer la lecture <span class=\"meta-nav\">&rarr;<\/span><\/a><\/p>\n","protected":false},"author":1,"featured_media":84,"parent":0,"menu_order":0,"comment_status":"closed","ping_status":"closed","template":"","meta":{"inline_featured_image":false,"footnotes":""},"class_list":["post-4","page","type-page","status-publish","has-post-thumbnail","hentry"],"_links":{"self":[{"href":"https:\/\/activlife.be\/index.php\/wp-json\/wp\/v2\/pages\/4","targetHints":{"allow":["GET"]}}],"collection":[{"href":"https:\/\/activlife.be\/index.php\/wp-json\/wp\/v2\/pages"}],"about":[{"href":"https:\/\/activlife.be\/index.php\/wp-json\/wp\/v2\/types\/page"}],"author":[{"embeddable":true,"href":"https:\/\/activlife.be\/index.php\/wp-json\/wp\/v2\/users\/1"}],"replies":[{"embeddable":true,"href":"https:\/\/activlife.be\/index.php\/wp-json\/wp\/v2\/comments?post=4"}],"version-history":[{"count":54,"href":"https:\/\/activlife.be\/index.php\/wp-json\/wp\/v2\/pages\/4\/revisions"}],"predecessor-version":[{"id":1195,"href":"https:\/\/activlife.be\/index.php\/wp-json\/wp\/v2\/pages\/4\/revisions\/1195"}],"wp:featuredmedia":[{"embeddable":true,"href":"https:\/\/activlife.be\/index.php\/wp-json\/wp\/v2\/media\/84"}],"wp:attachment":[{"href":"https:\/\/activlife.be\/index.php\/wp-json\/wp\/v2\/media?parent=4"}],"curies":[{"name":"wp","href":"https:\/\/api.w.org\/{rel}","templated":true}]}}