{"id":284,"date":"2020-05-28T09:53:06","date_gmt":"2020-05-28T07:53:06","guid":{"rendered":"http:\/\/activlife.be\/?page_id=284"},"modified":"2025-01-07T12:48:18","modified_gmt":"2025-01-07T11:48:18","slug":"reglements-stages","status":"publish","type":"page","link":"https:\/\/activlife.be\/index.php\/reglements-stages\/","title":{"rendered":"R\u00e8glement Activ Stage"},"content":{"rendered":"\n<p>1. Le programme et les semaines de stages propos\u00e9s par l&rsquo;association sont communiqu\u00e9s via les folders d&rsquo;inscription ou sur le site internet.<\/p>\n\n\n\n<p>2. Les \u00e2ges requis pour les diff\u00e9rents stages sont ceux atteints au premier jour du stage. Les enfants sont admis en stage d\u00e8s 3 ans pour autant qu&rsquo;ils soient propres.<\/p>\n\n\n\n<p>3. Si plusieurs enfants souhaitent participer ensemble au m\u00eame stage, cela doit \u00eatre mentionn\u00e9 dans la case \u00ab\u00a0remarques\u00a0\u00bb lors de l&rsquo;inscription en ligne.<\/p>\n\n\n\n<p>4. Le stagiaire doit \u00eatre physiquement apte \u00e0 entreprendre le stage et nous conseillons \u00e9galement qu&rsquo;il soit en ordre de vaccination (t\u00e9tanos).<\/p>\n\n\n\n<p>5. L&rsquo;inscription ne sera enregistr\u00e9e qu&rsquo;apr\u00e8s r\u00e9ception du bulletin d&rsquo;inscription via le formulaire d&rsquo;inscription du site  et ne sera valid\u00e9e qu&rsquo;apr\u00e8s paiement de l&rsquo;acompte ou du montant total.<\/p>\n\n\n\n<p>6. Le solde du paiement s&rsquo;effectue avant le d\u00e9but du stage ou au plus tard le premier jour du stage (lorsque l&rsquo;enfant est d\u00e9pos\u00e9 sur le lieu du stage). Le num\u00e9ro de compte bancaire de l&rsquo;asbl est le&nbsp;BE67 6528 5223 2887. <\/p>\n\n\n\n<p>7. La pratique des activit\u00e9s sportives n\u00e9cessite une tenue ad\u00e9quate (tenue de sport et chaussures de sport avec semelles non marquantes). La d\u00e9tention d&rsquo;un GSM,PC,&#8230;est fortement d\u00e9conseill\u00e9e. En aucun cas, l&rsquo;asbl ne pourra \u00eatre tenue responsable de leur perte ou vol<\/p>\n\n\n\n<p>8. La participation aux stages et activit\u00e9s de l&rsquo;asbl implique le fait que les enfants seront v\u00e9hicul\u00e9s vers les activit\u00e9s ext\u00e9rieures au hall omnisports dans un v\u00e9hicule priv\u00e9 ou&nbsp;un v\u00e9hicule de&nbsp;l&rsquo;asbl et que vous acceptez ce d\u00e9placement.&nbsp;<\/p>\n\n\n\n<p>9. L&rsquo;adh\u00e9sion \u00e0 un stage autorise ladite ASBL \u00e0&nbsp;prendre des photos des stagiaires en&nbsp; activit\u00e9 et \u00e0 les publier sur son site ou sa page facebook. Toutefois, tout partcipant peut refuser la publication, sur le site ou la page de l&rsquo;asbl, des photos le concernant, en envoyant un mail sp\u00e9cifique avant le d\u00e9but du stage&nbsp;adress\u00e9 \u00e0 \u00ab&nbsp;activlife.asbl@gmail.be&nbsp;\u00bb . <\/p>\n\n\n\n<p>10. Certains stages peuvent \u00eatre annul\u00e9s ou regroup\u00e9s faute d&rsquo;un nombre suffisant d&rsquo;inscrits.<\/p>\n\n\n\n<p>11. L&rsquo;ASBL est assur\u00e9e en \u00ab\u00a0responsabilit\u00e9 civile organisateur\u00a0\u00bb&nbsp;et en individuelle accident.&nbsp;Cependant afin d&rsquo;\u00e9viter tout litige, nous vous conseillons vivement la souscription d&rsquo;une RC familiale.<\/p>\n\n\n\n<p>12. Une garderie gratuite est organis\u00e9e de 8h30 \u00e0 9 h et de 16h00 \u00e0 16h30. \u00a0La garderie est payante entre 8h00 et 8h30 ( 1\u20ac \/ jour ) et 16h30 et 17 h 30( 1\u20ac \/ jour ). (si matin + apr\u00e8s-midi : 2\u20ac \/ jour). . Les parents ou le jeune doivent avertir le moniteur ou le coordinateur de stage de leur arriv\u00e9e en d\u00e9but de journ\u00e9e et de leur d\u00e9part en fin de journ\u00e9e.<\/p>\n\n\n\n<p>13. La propret\u00e9 et l&rsquo;ordre doivent \u00eatre maintenus dans les lieux fr\u00e9quent\u00e9s et le mat\u00e9riel respect\u00e9 (d\u00e9g\u00e2ts et\/ou d\u00e9gradations seront support\u00e9s par leur(s) auteur(s).<\/p>\n","protected":false},"excerpt":{"rendered":"<p>1. Le programme et les semaines de stages propos\u00e9s par l&rsquo;association sont communiqu\u00e9s via les folders d&rsquo;inscription ou sur le site internet. 2. Les \u00e2ges requis pour les diff\u00e9rents stages sont ceux atteints au premier jour du stage. Les enfants &hellip; <a href=\"https:\/\/activlife.be\/index.php\/reglements-stages\/\">Continuer la lecture <span class=\"meta-nav\">&rarr;<\/span><\/a><\/p>\n","protected":false},"author":1,"featured_media":448,"parent":0,"menu_order":0,"comment_status":"closed","ping_status":"closed","template":"","meta":{"inline_featured_image":false,"footnotes":""},"class_list":["post-284","page","type-page","status-publish","has-post-thumbnail","hentry"],"_links":{"self":[{"href":"https:\/\/activlife.be\/index.php\/wp-json\/wp\/v2\/pages\/284","targetHints":{"allow":["GET"]}}],"collection":[{"href":"https:\/\/activlife.be\/index.php\/wp-json\/wp\/v2\/pages"}],"about":[{"href":"https:\/\/activlife.be\/index.php\/wp-json\/wp\/v2\/types\/page"}],"author":[{"embeddable":true,"href":"https:\/\/activlife.be\/index.php\/wp-json\/wp\/v2\/users\/1"}],"replies":[{"embeddable":true,"href":"https:\/\/activlife.be\/index.php\/wp-json\/wp\/v2\/comments?post=284"}],"version-history":[{"count":9,"href":"https:\/\/activlife.be\/index.php\/wp-json\/wp\/v2\/pages\/284\/revisions"}],"predecessor-version":[{"id":856,"href":"https:\/\/activlife.be\/index.php\/wp-json\/wp\/v2\/pages\/284\/revisions\/856"}],"wp:featuredmedia":[{"embeddable":true,"href":"https:\/\/activlife.be\/index.php\/wp-json\/wp\/v2\/media\/448"}],"wp:attachment":[{"href":"https:\/\/activlife.be\/index.php\/wp-json\/wp\/v2\/media?parent=284"}],"curies":[{"name":"wp","href":"https:\/\/api.w.org\/{rel}","templated":true}]}}