{"id":219,"date":"2020-04-18T15:03:53","date_gmt":"2020-04-18T13:03:53","guid":{"rendered":"http:\/\/activlife.be\/?page_id=219"},"modified":"2026-01-29T20:59:08","modified_gmt":"2026-01-29T19:59:08","slug":"activ-fit","status":"publish","type":"page","link":"https:\/\/activlife.be\/index.php\/activ-fit\/","title":{"rendered":"Activ Fit"},"content":{"rendered":"<h1 style=\"text-align: center;\"><b>Pr\u00e9paration Physique<\/b><\/h1>\n\n<div class=\"wp-block-image\">\n<figure class=\"aligncenter size-large is-resized\"><img loading=\"lazy\" decoding=\"async\" width=\"1024\" height=\"1024\" src=\"https:\/\/activlife.be\/wp-content\/uploads\/2026\/01\/Activ_Fit@2x-1-e1769714217540-1024x1024.png\" alt=\"\" class=\"wp-image-1158\" style=\"width:205px;height:auto\" srcset=\"https:\/\/activlife.be\/wp-content\/uploads\/2026\/01\/Activ_Fit@2x-1-e1769714217540-1024x1024.png 1024w, https:\/\/activlife.be\/wp-content\/uploads\/2026\/01\/Activ_Fit@2x-1-e1769714217540-300x300.png 300w, https:\/\/activlife.be\/wp-content\/uploads\/2026\/01\/Activ_Fit@2x-1-e1769714217540-150x150.png 150w, https:\/\/activlife.be\/wp-content\/uploads\/2026\/01\/Activ_Fit@2x-1-e1769714217540-768x768.png 768w, https:\/\/activlife.be\/wp-content\/uploads\/2026\/01\/Activ_Fit@2x-1-e1769714217540-1536x1536.png 1536w, https:\/\/activlife.be\/wp-content\/uploads\/2026\/01\/Activ_Fit@2x-1-e1769714217540-2048x2048.png 2048w, https:\/\/activlife.be\/wp-content\/uploads\/2026\/01\/Activ_Fit@2x-1-e1769714217540-24x24.png 24w, https:\/\/activlife.be\/wp-content\/uploads\/2026\/01\/Activ_Fit@2x-1-e1769714217540-36x36.png 36w, https:\/\/activlife.be\/wp-content\/uploads\/2026\/01\/Activ_Fit@2x-1-e1769714217540-48x48.png 48w\" sizes=\"auto, (max-width: 1024px) 100vw, 1024px\" \/><\/figure><\/div>\n\n<h1 style=\"text-align: center;\">\u00a0<\/h1>\n<p>Vous souhaitez am\u00e9liorer vos capacit\u00e9s physiques et de passer au niveau sup\u00e9rieur dans votre discipline sportive ? Alors vous \u00eates au bon endroit.<\/p>\n<p>Peu importe votre \u00e2ge, avec ActivFit, boostez vos performances : gagnez en vitesse, r\u00e9activit\u00e9, mobilit\u00e9, force, endurance et explosivit\u00e9 !<\/p>\n<p><strong>O\u00f9?<\/strong><\/p>\n<p>Au Tennis club d&rsquo;Odrimont ou \u00e0 Grez-Doiceau\u00a0<\/p>\n<p><strong>Combien?<\/strong><\/p>\n\n\n<div class=\"wp-block-group\"><div class=\"wp-block-group__inner-container is-layout-flow wp-block-group-is-layout-flow\">\n<figure class=\"wp-block-table is-style-stripes\"><table><tbody><tr><td class=\"has-text-align-center\" data-align=\"center\">              <strong>FORFAIT<\/strong><\/td><td><\/td><td class=\"has-text-align-center\" data-align=\"center\"><strong>1 pers<\/strong><\/td><td><\/td><td><strong>2 pers<\/strong><\/td><td><strong>3 pers<\/strong><\/td><td><strong>4 pers<\/strong><\/td><td><strong>6 pers<\/strong><\/td><\/tr><tr><td class=\"has-text-align-center\" data-align=\"center\">Pr\u00e9paration Physique 1 heure<\/td><td><\/td><td class=\"has-text-align-center\" data-align=\"center\">60\u20ac<\/td><td><\/td><td>30\u20ac<\/td><td>20\u20ac<\/td><td>15\u20ac<\/td><td>10\u20ac<\/td><\/tr><tr><td class=\"has-text-align-center\" data-align=\"center\">Pr\u00e9paration Physique 45 min<\/td><td><\/td><td class=\"has-text-align-center\" data-align=\"center\">50\u20ac<\/td><td><\/td><td>25\u20ac<\/td><td>20\u20ac<\/td><td>15\u20ac<\/td><td>10\u20ac<\/td><\/tr><\/tbody><\/table><figcaption class=\"wp-element-caption\">Plus d&rsquo;informations sur le site www.batd.eu dans l&rsquo;onglet Odrimont<\/figcaption><\/figure>\n<\/div><\/div>\n\n\n<p><img loading=\"lazy\" decoding=\"async\" class=\"alignnone size-medium wp-image-657 aligncenter\" src=\"https:\/\/activlife.be\/wp-content\/uploads\/2022\/06\/IMG_1399-3-300x268.jpg\" alt=\"\" width=\"300\" height=\"268\" srcset=\"https:\/\/activlife.be\/wp-content\/uploads\/2022\/06\/IMG_1399-3-300x268.jpg 300w, https:\/\/activlife.be\/wp-content\/uploads\/2022\/06\/IMG_1399-3-1024x915.jpg 1024w, https:\/\/activlife.be\/wp-content\/uploads\/2022\/06\/IMG_1399-3-768x686.jpg 768w, https:\/\/activlife.be\/wp-content\/uploads\/2022\/06\/IMG_1399-3-1536x1373.jpg 1536w, https:\/\/activlife.be\/wp-content\/uploads\/2022\/06\/IMG_1399-3-2048x1831.jpg 2048w, https:\/\/activlife.be\/wp-content\/uploads\/2022\/06\/IMG_1399-3-336x300.jpg 336w\" sizes=\"auto, (max-width: 300px) 100vw, 300px\" \/><\/p>\n<p>Morgan Gelin, Bachelor en \u00e9ducation physique &amp; NASM Personal trainer: 0470 04 03 94<\/p>\n<p>Thomas Gelin, Bachelor en \u00e9ducation physique &amp; Sp\u00e9cialisation en Pr\u00e9paration physique\u00a0: 0471 94 86 42<\/p>\n\n\n<p><\/p>\n","protected":false},"excerpt":{"rendered":"<p>Pr\u00e9paration Physique \u00a0 Vous souhaitez am\u00e9liorer vos capacit\u00e9s physiques et de passer au niveau sup\u00e9rieur dans votre discipline sportive ? Alors vous \u00eates au bon endroit. Peu importe votre \u00e2ge, avec ActivFit, boostez vos performances : gagnez en vitesse, r\u00e9activit\u00e9, &hellip; <a href=\"https:\/\/activlife.be\/index.php\/activ-fit\/\">Continuer la lecture <span class=\"meta-nav\">&rarr;<\/span><\/a><\/p>\n","protected":false},"author":1,"featured_media":451,"parent":0,"menu_order":0,"comment_status":"closed","ping_status":"closed","template":"","meta":{"inline_featured_image":false,"footnotes":""},"class_list":["post-219","page","type-page","status-publish","has-post-thumbnail","hentry"],"_links":{"self":[{"href":"https:\/\/activlife.be\/index.php\/wp-json\/wp\/v2\/pages\/219","targetHints":{"allow":["GET"]}}],"collection":[{"href":"https:\/\/activlife.be\/index.php\/wp-json\/wp\/v2\/pages"}],"about":[{"href":"https:\/\/activlife.be\/index.php\/wp-json\/wp\/v2\/types\/page"}],"author":[{"embeddable":true,"href":"https:\/\/activlife.be\/index.php\/wp-json\/wp\/v2\/users\/1"}],"replies":[{"embeddable":true,"href":"https:\/\/activlife.be\/index.php\/wp-json\/wp\/v2\/comments?post=219"}],"version-history":[{"count":30,"href":"https:\/\/activlife.be\/index.php\/wp-json\/wp\/v2\/pages\/219\/revisions"}],"predecessor-version":[{"id":1191,"href":"https:\/\/activlife.be\/index.php\/wp-json\/wp\/v2\/pages\/219\/revisions\/1191"}],"wp:featuredmedia":[{"embeddable":true,"href":"https:\/\/activlife.be\/index.php\/wp-json\/wp\/v2\/media\/451"}],"wp:attachment":[{"href":"https:\/\/activlife.be\/index.php\/wp-json\/wp\/v2\/media?parent=219"}],"curies":[{"name":"wp","href":"https:\/\/api.w.org\/{rel}","templated":true}]}}