{"id":20,"date":"2017-05-11T22:16:59","date_gmt":"2017-05-11T20:16:59","guid":{"rendered":"http:\/\/activlife.be\/?page_id=20"},"modified":"2025-05-25T18:47:23","modified_gmt":"2025-05-25T16:47:23","slug":"activites-sportives","status":"publish","type":"page","link":"https:\/\/activlife.be\/","title":{"rendered":"Accueil"},"content":{"rendered":"<h2 style=\"text-align: center;\"><strong>Bienvenue sur le site de l&rsquo;asbl ActivLife<\/strong><\/h2>\n<p><strong>L\u2019asbl ActivLife<\/strong> a pour fil conducteur de donner la possibilit\u00e9 aux jeunes et aux moins jeunes de se tenir actifs et de stimuler cette envie de bouger.<\/p>\n<p><strong>Que proposons-nous ?<\/strong><\/p>\n<p>\u2022<span style=\"color: #000000;\"><a style=\"color: #000000;\" href=\"https:\/\/activlife.be\/index.php\/activ-bad\/\"><b>Un club de badminton<\/b><\/a><\/span> pour les ados et les adultes, au centre sportif de Grez-Doiceau.<\/p>\n<p>\u2022<span style=\"color: #000000;\"><a style=\"color: #000000;\" href=\"https:\/\/activlife.be\/index.php\/activ-stage\/\"><b>Des stages sportifs et cr\u00e9atifs<\/b><\/a><\/span>, organis\u00e9s dans un cadre exceptionnel au centre sportif de Chaumont-Gistoux. L\u2019ASBL veille \u00e0 conserver une ambiance familiale tout en proposant des stages vari\u00e9s et adapt\u00e9s \u00e0 chaque tranche d\u2019\u00e2ge.<\/p>\n<p>\u2022<span style=\"color: #000000;\"><a style=\"color: #000000;\" href=\"https:\/\/activlife.be\/index.php\/activ-pad\/\"><b>Des cours de padel<\/b> <\/a><\/span>pour tous les niveaux, au hall sportif de Grez-Doiceau.<\/p>\n<p>\u2022<span style=\"color: #000000;\"><a style=\"color: #000000;\" href=\"https:\/\/activlife.be\/index.php\/activ-fit\/\"><b>Des coachings priv\u00e9s ou en petits groupes<\/b><\/a><\/span>, pour vous aider \u00e0 atteindre vos objectifs sportifs ou morphologiques.<\/p>\n<p>\u2022<span style=\"color: #000000;\"><a style=\"color: #000000;\" href=\"https:\/\/activlife.be\/index.php\/birthday\/\"><b>Des formules anniversaires et la location de ch\u00e2teaux gonflables<\/b><\/a><\/span>, pour offrir aux enfants des moments inoubliables et ludiques.<\/p>\n<p>En vous souhaitant une excellente visite du site, sachez que nous sommes toujours \u00e0 votre disposition pour r\u00e9pondre \u00e0 vos questions et vous fournir des informations suppl\u00e9mentaires.<\/p>\n\n\n<p><\/p>\n","protected":false},"excerpt":{"rendered":"<p>Bienvenue sur le site de l&rsquo;asbl ActivLife L\u2019asbl ActivLife a pour fil conducteur de donner la possibilit\u00e9 aux jeunes et aux moins jeunes de se tenir actifs et de stimuler cette envie de bouger. Que proposons-nous ? \u2022Un club de &hellip; <a href=\"https:\/\/activlife.be\/\">Continuer la lecture <span class=\"meta-nav\">&rarr;<\/span><\/a><\/p>\n","protected":false},"author":1,"featured_media":0,"parent":0,"menu_order":0,"comment_status":"closed","ping_status":"closed","template":"","meta":{"inline_featured_image":false,"footnotes":""},"class_list":["post-20","page","type-page","status-publish","hentry"],"_links":{"self":[{"href":"https:\/\/activlife.be\/index.php\/wp-json\/wp\/v2\/pages\/20","targetHints":{"allow":["GET"]}}],"collection":[{"href":"https:\/\/activlife.be\/index.php\/wp-json\/wp\/v2\/pages"}],"about":[{"href":"https:\/\/activlife.be\/index.php\/wp-json\/wp\/v2\/types\/page"}],"author":[{"embeddable":true,"href":"https:\/\/activlife.be\/index.php\/wp-json\/wp\/v2\/users\/1"}],"replies":[{"embeddable":true,"href":"https:\/\/activlife.be\/index.php\/wp-json\/wp\/v2\/comments?post=20"}],"version-history":[{"count":13,"href":"https:\/\/activlife.be\/index.php\/wp-json\/wp\/v2\/pages\/20\/revisions"}],"predecessor-version":[{"id":937,"href":"https:\/\/activlife.be\/index.php\/wp-json\/wp\/v2\/pages\/20\/revisions\/937"}],"wp:attachment":[{"href":"https:\/\/activlife.be\/index.php\/wp-json\/wp\/v2\/media?parent=20"}],"curies":[{"name":"wp","href":"https:\/\/api.w.org\/{rel}","templated":true}]}}