{"id":159,"date":"2018-05-17T13:31:37","date_gmt":"2018-05-17T11:31:37","guid":{"rendered":"http:\/\/activlife.be\/?page_id=159"},"modified":"2026-01-29T20:31:53","modified_gmt":"2026-01-29T19:31:53","slug":"cotisation","status":"publish","type":"page","link":"https:\/\/activlife.be\/index.php\/cotisation\/","title":{"rendered":"Cotisation Club"},"content":{"rendered":"<p><span style=\"color: #999999;\">P\u00e9riode :<\/span><\/p>\n<p>Du 02 septembre 2025 au 5 juillet 2026.<\/p>\n<p><span style=\"color: #999999;\">Lieu :\u00a0\u00a0<\/span><\/p>\n<p>Hall Omnisports de Grez-Doiceau<\/p>\n<p><span style=\"color: #999999;\">Prix :<\/span><\/p>\n<p>Cotisation annuelle : 135 \u20ac<\/p>\n<p>(Votre mutuelle intervient entre 30 et 50 \u20ac sur le prix de votre\u00a0 cotisation club, renseignez-vous)<\/p>\n<p>Carte membre obligatoire : 20 \u20ac (A payer la premi\u00e8re ann\u00e9e d&rsquo;inscription, valable \u00e0 vie).<\/p>\n<p><span style=\"color: #999999;\">Horaires :<\/span><\/p>\n<p>Mardi : 19 h 30 \u00e0 \u00a021 h\u00a0 (niveau confirm\u00e9)<\/p>\n<p>Mercredi : 20 h \u00e0 \u00a021 h 00 \u00a0(tous niveaux)<\/p>\n<p>Dimanche : 10 h 30 \u00e0 12 h (tous niveaux)<\/p>\n<p>Durant les cong\u00e9s scolaires seulement le mercredi.<\/p>\n<p><span style=\"color: #999999;\">Inscription : <\/span><\/p>\n<p>Pour compl\u00e9ter votre inscription en ligne <span style=\"color: #ff9900;\"><a style=\"color: #ff9900;\" href=\"http:\/\/activlife.be\/index.php\/inscription\/\">cliquez ici<\/a><\/span><\/p>\n<p>Pour les inscriptions en cours de saison , une proportion au niveau du prix sera faite. (renseignez-vous)<\/p>\n<p>Compte asbl\u00a0 Activlife : BE67 6528 5223 2887<\/p>\n","protected":false},"excerpt":{"rendered":"<p>P\u00e9riode : Du 02 septembre 2025 au 5 juillet 2026. Lieu :\u00a0\u00a0 Hall Omnisports de Grez-Doiceau Prix : Cotisation annuelle : 135 \u20ac (Votre mutuelle intervient entre 30 et 50 \u20ac sur le prix de votre\u00a0 cotisation club, renseignez-vous) Carte &hellip; <a href=\"https:\/\/activlife.be\/index.php\/cotisation\/\">Continuer la lecture <span class=\"meta-nav\">&rarr;<\/span><\/a><\/p>\n","protected":false},"author":1,"featured_media":84,"parent":0,"menu_order":0,"comment_status":"closed","ping_status":"closed","template":"","meta":{"inline_featured_image":false,"footnotes":""},"class_list":["post-159","page","type-page","status-publish","has-post-thumbnail","hentry"],"_links":{"self":[{"href":"https:\/\/activlife.be\/index.php\/wp-json\/wp\/v2\/pages\/159","targetHints":{"allow":["GET"]}}],"collection":[{"href":"https:\/\/activlife.be\/index.php\/wp-json\/wp\/v2\/pages"}],"about":[{"href":"https:\/\/activlife.be\/index.php\/wp-json\/wp\/v2\/types\/page"}],"author":[{"embeddable":true,"href":"https:\/\/activlife.be\/index.php\/wp-json\/wp\/v2\/users\/1"}],"replies":[{"embeddable":true,"href":"https:\/\/activlife.be\/index.php\/wp-json\/wp\/v2\/comments?post=159"}],"version-history":[{"count":25,"href":"https:\/\/activlife.be\/index.php\/wp-json\/wp\/v2\/pages\/159\/revisions"}],"predecessor-version":[{"id":1175,"href":"https:\/\/activlife.be\/index.php\/wp-json\/wp\/v2\/pages\/159\/revisions\/1175"}],"wp:featuredmedia":[{"embeddable":true,"href":"https:\/\/activlife.be\/index.php\/wp-json\/wp\/v2\/media\/84"}],"wp:attachment":[{"href":"https:\/\/activlife.be\/index.php\/wp-json\/wp\/v2\/media?parent=159"}],"curies":[{"name":"wp","href":"https:\/\/api.w.org\/{rel}","templated":true}]}}